{"id":18,"date":"2011-04-12T13:50:48","date_gmt":"2011-04-12T13:50:48","guid":{"rendered":"http:\/\/www.bps.se\/bpsny\/?page_id=18"},"modified":"2018-10-18T17:26:48","modified_gmt":"2018-10-18T17:26:48","slug":"bps","status":"publish","type":"page","link":"https:\/\/www.bps.se\/","title":{"rendered":"BPS"},"content":{"rendered":"<p>&nbsp;<\/p>\n<h1>BPS \u00c5tervinning AB<\/h1>\n<h2>Startade \u00e5r 1979 i Kristianstad med huvudinriktning p\u00e5 \u00e5tervinning av metaller.&nbsp;2016 s\u00e5ldes inkr\u00e5met till Lelles \u00c5tervinning AB . BPS \u00c5tervinning bredriver ingen verksamhet nu.<\/h2>\n","protected":false},"excerpt":{"rendered":"<a href=\"https:\/\/www.bps.se\/\"><img decoding=\"async\" width=\"280\" src=\"\" class=\"aligncenter wp-post-image tfe\" alt=\"\" title=\"\" \/><\/a>","protected":false},"author":2,"featured_media":0,"parent":0,"menu_order":1,"comment_status":"open","ping_status":"open","template":"","meta":{"footnotes":""},"class_list":["post-18","page","type-page","status-publish","hentry"],"_links":{"self":[{"href":"https:\/\/www.bps.se\/index.php?rest_route=\/wp\/v2\/pages\/18","targetHints":{"allow":["GET"]}}],"collection":[{"href":"https:\/\/www.bps.se\/index.php?rest_route=\/wp\/v2\/pages"}],"about":[{"href":"https:\/\/www.bps.se\/index.php?rest_route=\/wp\/v2\/types\/page"}],"author":[{"embeddable":true,"href":"https:\/\/www.bps.se\/index.php?rest_route=\/wp\/v2\/users\/2"}],"replies":[{"embeddable":true,"href":"https:\/\/www.bps.se\/index.php?rest_route=%2Fwp%2Fv2%2Fcomments&post=18"}],"version-history":[{"count":41,"href":"https:\/\/www.bps.se\/index.php?rest_route=\/wp\/v2\/pages\/18\/revisions"}],"predecessor-version":[{"id":710,"href":"https:\/\/www.bps.se\/index.php?rest_route=\/wp\/v2\/pages\/18\/revisions\/710"}],"wp:attachment":[{"href":"https:\/\/www.bps.se\/index.php?rest_route=%2Fwp%2Fv2%2Fmedia&parent=18"}],"curies":[{"name":"wp","href":"https:\/\/api.w.org\/{rel}","templated":true}]}}